{"id":1147,"date":"2025-10-22T19:28:10","date_gmt":"2025-10-22T17:28:10","guid":{"rendered":"https:\/\/bienesraicestamanaco.com\/?post_type=product&#038;p=1147"},"modified":"2025-10-22T20:20:50","modified_gmt":"2025-10-22T18:20:50","slug":"se-vende-galera-industrial-en-via-tocumen-plaza-tocumen","status":"publish","type":"product","link":"https:\/\/bienesraicestamanaco.com\/index.php\/producto\/se-vende-galera-industrial-en-via-tocumen-plaza-tocumen\/","title":{"rendered":"Se Vende Galera Industrial en Via Tocumen Plaza Tocumen"},"content":{"rendered":"<p data-start=\"205\" data-end=\"258\"><strong data-start=\"205\" data-end=\"256\">Galera de Doble Altura en Venta \u2013 Plaza Tocumen<\/strong><\/p>\n<p data-start=\"260\" data-end=\"528\">\u00bfBuscas una galera funcional en una ubicaci\u00f3n estrat\u00e9gica?<br data-start=\"318\" data-end=\"321\" \/>Esta moderna galera de <strong data-start=\"344\" data-end=\"360\">doble altura<\/strong> ubicada en <strong data-start=\"372\" data-end=\"389\">Plaza Tocumen<\/strong> es ideal para empresas que buscan expandir sus operaciones log\u00edsticas, de almacenamiento o distribuci\u00f3n en una zona de alto crecimiento.<\/p>\n<p data-start=\"530\" data-end=\"563\"><strong data-start=\"530\" data-end=\"561\">Caracter\u00edsticas destacadas:<\/strong><\/p>\n<ul data-start=\"564\" data-end=\"876\">\n<li data-start=\"564\" data-end=\"586\">\n<p data-start=\"566\" data-end=\"586\"><strong data-start=\"566\" data-end=\"577\">Tama\u00f1o:<\/strong> 286 m\u00b2<\/p>\n<\/li>\n<li data-start=\"587\" data-end=\"676\">\n<p data-start=\"589\" data-end=\"676\"><strong data-start=\"589\" data-end=\"600\">Altura:<\/strong> Doble altura, perfecta para almacenamiento, racks o maquinaria industrial<\/p>\n<\/li>\n<li data-start=\"677\" data-end=\"706\">\n<p data-start=\"679\" data-end=\"706\"><strong data-start=\"679\" data-end=\"688\">Ba\u00f1o:<\/strong> 1 ba\u00f1o completo<\/p>\n<\/li>\n<li data-start=\"707\" data-end=\"779\">\n<p data-start=\"709\" data-end=\"779\"><strong data-start=\"709\" data-end=\"730\">Estacionamientos:<\/strong> 3 espacios exclusivos para clientes o personal<\/p>\n<\/li>\n<li data-start=\"780\" data-end=\"835\">\n<p data-start=\"782\" data-end=\"835\"><strong data-start=\"782\" data-end=\"811\">Sistema contra incendios:<\/strong> Rociadores instalados<\/p>\n<\/li>\n<li data-start=\"836\" data-end=\"876\">\n<p data-start=\"838\" data-end=\"876\"><strong data-start=\"838\" data-end=\"866\">Cuota de gastos comunes:<\/strong> $500.62<\/p>\n<\/li>\n<\/ul>\n<p data-start=\"878\" data-end=\"906\"><strong data-start=\"878\" data-end=\"904\">Ventajas de ubicaci\u00f3n:<\/strong><\/p>\n<ul data-start=\"907\" data-end=\"1241\">\n<li data-start=\"907\" data-end=\"1027\">\n<p data-start=\"909\" data-end=\"1027\"><strong data-start=\"909\" data-end=\"936\">Excelente conectividad:<\/strong> A pocos minutos de la estaci\u00f3n de metro <strong data-start=\"977\" data-end=\"990\">Don Bosco<\/strong>, el Corredor Sur y la V\u00eda Tocumen.<\/p>\n<\/li>\n<li data-start=\"1028\" data-end=\"1124\">\n<p data-start=\"1030\" data-end=\"1124\"><strong data-start=\"1030\" data-end=\"1055\">Plaza comercial 24\/7:<\/strong> Acceso continuo y seguridad las 24 horas, los 7 d\u00edas de la semana.<\/p>\n<\/li>\n<li data-start=\"1125\" data-end=\"1241\">\n<p data-start=\"1127\" data-end=\"1241\"><strong data-start=\"1127\" data-end=\"1151\">Entorno empresarial:<\/strong> Ubicada en un complejo activo con comercios, bodegas y empresas operativas todo el a\u00f1o.<\/p>\n<\/li>\n<\/ul>\n<p data-start=\"1243\" data-end=\"1360\">Una oportunidad \u00fanica para invertir o establecer tu negocio en una ubicaci\u00f3n estrat\u00e9gica y de alto valor comercial.<\/p>\n<p data-start=\"1362\" data-end=\"1440\">\ud83d\udcde <strong data-start=\"1365\" data-end=\"1390\">Cont\u00e1ctanos hoy mismo<\/strong> para m\u00e1s informaci\u00f3n o para agendar una visita.<\/p>\n","protected":false},"excerpt":{"rendered":"<p><strong data-start=\"1482\" data-end=\"1533\">Galera de doble altura en venta \u2013 Plaza Tocumen<\/strong><br data-start=\"1533\" data-end=\"1536\" \/>286 m\u00b2 con ba\u00f1o, 3 estacionamientos y sistema de rociadores.<br data-start=\"1596\" data-end=\"1599\" \/>Ubicaci\u00f3n estrat\u00e9gica, a minutos del metro Don Bosco, dentro de una plaza comercial operativa 24\/7 con seguridad permanente.\u00a0<br data-start=\"1723\" data-end=\"1726\" \/>Ideal para almacenamiento, log\u00edstica o industria ligera.<\/p>\n<p>El montacargas no esta incluido.<br data-start=\"1782\" data-end=\"1785\" \/><strong data-start=\"1785\" data-end=\"1841\">Cont\u00e1ctanos para m\u00e1s informaci\u00f3n o coordinar visita.<\/strong><\/p>\n<p>&nbsp;<\/p>\n<p><strong data-start=\"3012\" data-end=\"3064\">Double-Height Warehouse for Sale \u2013 Plaza Tocumen<\/strong><br data-start=\"3064\" data-end=\"3067\" \/>286 m\u00b2 with bathroom, 3 parking spaces, and sprinkler system.<br data-start=\"3128\" data-end=\"3131\" \/>Strategic location near Don Bosco Metro Station, in a 24\/7 commercial plaza with full security.<br data-start=\"3226\" data-end=\"3229\" \/>Perfect for logistics, storage, or light industry.<\/p>\n<p id=\"tw-target-text\" class=\"tw-data-text tw-text-large tw-ta\" dir=\"ltr\" tabindex=\"-1\" role=\"text\" data-placeholder=\"Traducci\u00f3n\" data-ved=\"2ahUKEwilz-PtiIaQAxVsQzABHXFfHTIQ3ewLegQIChAV\" aria-label=\"Texto traducido: The forklift is not included.\"><span class=\"Y2IQFc\" lang=\"en\">The forklift is not included.<\/span><\/p>\n<p class=\"tw-data-text tw-text-large tw-ta\" dir=\"ltr\" tabindex=\"-1\" role=\"text\" data-placeholder=\"Traducci\u00f3n\" data-ved=\"2ahUKEwilz-PtiIaQAxVsQzABHXFfHTIQ3ewLegQIChAV\" aria-label=\"Texto traducido: The forklift is not included.\"><strong data-start=\"3282\" data-end=\"3332\">Contact us for details or to schedule a visit!<\/strong><\/p>\n<p>&nbsp;<\/p>\n<p>&nbsp;<\/p>\n<p>&nbsp;<\/p>\n","protected":false},"featured_media":1157,"template":"","meta":{"site-sidebar-layout":"default","site-content-layout":"","ast-site-content-layout":"default","site-content-style":"default","site-sidebar-style":"default","ast-global-header-display":"","ast-banner-title-visibility":"","ast-main-header-display":"","ast-hfb-above-header-display":"","ast-hfb-below-header-display":"","ast-hfb-mobile-header-display":"","site-post-title":"","ast-breadcrumbs-content":"","ast-featured-img":"","footer-sml-layout":"","theme-transparent-header-meta":"default","adv-header-id-meta":"","stick-header-meta":"","header-above-stick-meta":"","header-main-stick-meta":"","header-below-stick-meta":"","astra-migrate-meta-layouts":"set","ast-page-background-enabled":"default","ast-page-background-meta":{"desktop":{"background-color":"var(--ast-global-color-4)","background-image":"","background-repeat":"repeat","background-position":"center center","background-size":"auto","background-attachment":"scroll","background-type":"","background-media":"","overlay-type":"","overlay-color":"","overlay-opacity":"","overlay-gradient":""},"tablet":{"background-color":"","background-image":"","background-repeat":"repeat","background-position":"center center","background-size":"auto","background-attachment":"scroll","background-type":"","background-media":"","overlay-type":"","overlay-color":"","overlay-opacity":"","overlay-gradient":""},"mobile":{"background-color":"","background-image":"","background-repeat":"repeat","background-position":"center center","background-size":"auto","background-attachment":"scroll","background-type":"","background-media":"","overlay-type":"","overlay-color":"","overlay-opacity":"","overlay-gradient":""}},"ast-content-background-meta":{"desktop":{"background-color":"var(--ast-global-color-5)","background-image":"","background-repeat":"repeat","background-position":"center center","background-size":"auto","background-attachment":"scroll","background-type":"","background-media":"","overlay-type":"","overlay-color":"","overlay-opacity":"","overlay-gradient":""},"tablet":{"background-color":"var(--ast-global-color-5)","background-image":"","background-repeat":"repeat","background-position":"center center","background-size":"auto","background-attachment":"scroll","background-type":"","background-media":"","overlay-type":"","overlay-color":"","overlay-opacity":"","overlay-gradient":""},"mobile":{"background-color":"var(--ast-global-color-5)","background-image":"","background-repeat":"repeat","background-position":"center center","background-size":"auto","background-attachment":"scroll","background-type":"","background-media":"","overlay-type":"","overlay-color":"","overlay-opacity":"","overlay-gradient":""}}},"product_brand":[],"product_cat":[29,26],"product_tag":[],"class_list":{"0":"post-1147","1":"product","2":"type-product","3":"status-publish","4":"has-post-thumbnail","6":"product_cat-galeras","7":"product_cat-venta","8":"desktop-align-center","9":"tablet-align-left","10":"mobile-align-left","12":"first","13":"instock","14":"sale","15":"sold-individually","16":"shipping-taxable","17":"purchasable","18":"product-type-simple"},"jetpack_sharing_enabled":true,"_links":{"self":[{"href":"https:\/\/bienesraicestamanaco.com\/index.php\/wp-json\/wp\/v2\/product\/1147","targetHints":{"allow":["GET"]}}],"collection":[{"href":"https:\/\/bienesraicestamanaco.com\/index.php\/wp-json\/wp\/v2\/product"}],"about":[{"href":"https:\/\/bienesraicestamanaco.com\/index.php\/wp-json\/wp\/v2\/types\/product"}],"wp:featuredmedia":[{"embeddable":true,"href":"https:\/\/bienesraicestamanaco.com\/index.php\/wp-json\/wp\/v2\/media\/1157"}],"wp:attachment":[{"href":"https:\/\/bienesraicestamanaco.com\/index.php\/wp-json\/wp\/v2\/media?parent=1147"}],"wp:term":[{"taxonomy":"product_brand","embeddable":true,"href":"https:\/\/bienesraicestamanaco.com\/index.php\/wp-json\/wp\/v2\/product_brand?post=1147"},{"taxonomy":"product_cat","embeddable":true,"href":"https:\/\/bienesraicestamanaco.com\/index.php\/wp-json\/wp\/v2\/product_cat?post=1147"},{"taxonomy":"product_tag","embeddable":true,"href":"https:\/\/bienesraicestamanaco.com\/index.php\/wp-json\/wp\/v2\/product_tag?post=1147"}],"curies":[{"name":"wp","href":"https:\/\/api.w.org\/{rel}","templated":true}]}}