{"id":1138,"date":"2024-09-10T15:30:13","date_gmt":"2024-09-10T13:30:13","guid":{"rendered":"https:\/\/bienesraicestamanaco.com\/?post_type=product&#038;p=1138"},"modified":"2024-09-10T15:30:13","modified_gmt":"2024-09-10T13:30:13","slug":"alquiler-de-apartamento-en-ph-vista-del-mar-en-avenida-balboa","status":"publish","type":"product","link":"https:\/\/bienesraicestamanaco.com\/index.php\/producto\/alquiler-de-apartamento-en-ph-vista-del-mar-en-avenida-balboa\/","title":{"rendered":"Alquiler de Apartamento en PH Vista del Mar en Avenida Balboa"},"content":{"rendered":"<p id=\"tw-target-text\" class=\"tw-data-text tw-text-large tw-ta\" dir=\"ltr\" data-placeholder=\"Traducci\u00f3n\" aria-label=\"Texto traducido\" data-ved=\"2ahUKEwjqnc6U6fOHAxVESjABHTs_FLAQ3ewLegQIBxAU\"><strong><span class=\"Y2IQFc\" lang=\"en\">Apartment for rent in PH Vista del Mar on Avenida Balboa<\/span><\/strong><\/p>\n<p id=\"tw-target-text\" class=\"tw-data-text tw-text-large tw-ta\" dir=\"ltr\" data-placeholder=\"Traducci\u00f3n\" aria-label=\"Texto traducido\" data-ved=\"2ahUKEwjqnc6U6fOHAxVESjABHTs_FLAQ3ewLegQIBxAU\"><span class=\"Y2IQFc\" lang=\"en\">EXPERIENCE LUXURY IN FRONT OF THE SEA! APARTMENT FOR RENT IN BALBOA AVENUE <\/span><\/p>\n<p class=\"tw-data-text tw-text-large tw-ta\" dir=\"ltr\" data-placeholder=\"Traducci\u00f3n\" aria-label=\"Texto traducido\" data-ved=\"2ahUKEwjqnc6U6fOHAxVESjABHTs_FLAQ3ewLegQIBxAU\"><span class=\"Y2IQFc\" lang=\"en\">Discover a new way of living at PH Vista del Mar, with a stunning view of the Panama Canal and the Bay Islands. <\/span><\/p>\n<p class=\"tw-data-text tw-text-large tw-ta\" dir=\"ltr\" data-placeholder=\"Traducci\u00f3n\" aria-label=\"Texto traducido\" data-ved=\"2ahUKEwjqnc6U6fOHAxVESjABHTs_FLAQ3ewLegQIBxAU\"><span class=\"Y2IQFc\" lang=\"en\">Location: Balboa Avenue <\/span><\/p>\n<p class=\"tw-data-text tw-text-large tw-ta\" dir=\"ltr\" data-placeholder=\"Traducci\u00f3n\" aria-label=\"Texto traducido\" data-ved=\"2ahUKEwjqnc6U6fOHAxVESjABHTs_FLAQ3ewLegQIBxAU\"><span class=\"Y2IQFc\" lang=\"en\">Furnished with style: Fully equipped kitchen with high-end appliances (LG inverter refrigerator, Bosch dishwasher) and first-class entertainment (75\u201d Samsung QLED 4K Ultra HD TV with Dolby Atmos sound, 42\u201d Sony Bravia TV). <\/span><\/p>\n<p class=\"tw-data-text tw-text-large tw-ta\" dir=\"ltr\" data-placeholder=\"Traducci\u00f3n\" aria-label=\"Texto traducido\" data-ved=\"2ahUKEwjqnc6U6fOHAxVESjABHTs_FLAQ3ewLegQIBxAU\"><span class=\"Y2IQFc\" lang=\"en\">Bedroom: 1 spacious and comfortable with dressing room <\/span><\/p>\n<p class=\"tw-data-text tw-text-large tw-ta\" dir=\"ltr\" data-placeholder=\"Traducci\u00f3n\" aria-label=\"Texto traducido\" data-ved=\"2ahUKEwjqnc6U6fOHAxVESjABHTs_FLAQ3ewLegQIBxAU\"><span class=\"Y2IQFc\" lang=\"en\">Bathrooms: 1.5 <\/span><\/p>\n<p class=\"tw-data-text tw-text-large tw-ta\" dir=\"ltr\" data-placeholder=\"Traducci\u00f3n\" aria-label=\"Texto traducido\" data-ved=\"2ahUKEwjqnc6U6fOHAxVESjABHTs_FLAQ3ewLegQIBxAU\"><span class=\"Y2IQFc\" lang=\"en\">Parking: 1 space <\/span><\/p>\n<p class=\"tw-data-text tw-text-large tw-ta\" dir=\"ltr\" data-placeholder=\"Traducci\u00f3n\" aria-label=\"Texto traducido\" data-ved=\"2ahUKEwjqnc6U6fOHAxVESjABHTs_FLAQ3ewLegQIBxAU\"><span class=\"Y2IQFc\" lang=\"en\">Exclusive Amenities: Rooftop pool with barbecue area, gym, sauna, ping-pong and billiards This apartment offers a perfect combination of elegance, comfort and cutting-edge technology, such as LG smart inverter air conditioners with ionizer and ThinQ. <\/span><\/p>\n<p class=\"tw-data-text tw-text-large tw-ta\" dir=\"ltr\" data-placeholder=\"Traducci\u00f3n\" aria-label=\"Texto traducido\" data-ved=\"2ahUKEwjqnc6U6fOHAxVESjABHTs_FLAQ3ewLegQIBxAU\"><span class=\"Y2IQFc\" lang=\"en\">Live in the heart of the city with everything at your fingertips and enjoy every detail in this luxury home. Schedule your visit today and don&#8217;t miss the opportunity to live in one of the most exclusive places in Panama!<\/span><\/p>\n","protected":false},"excerpt":{"rendered":"<p><strong>\u00a1EXPERIMENTA EL LUJO FRENTE AL MAR! APARTAMENTO EN ALQUILER EN AVENIDA BALBOA<\/strong><\/p>\n<p>Descubre una nueva forma de vivir en <strong>PH Vista del Mar<\/strong>, con una impresionante vista al Canal de Panam\u00e1 y las Islas de la Bah\u00eda.<\/p>\n<ul>\n<li><strong>Ubicaci\u00f3n:<\/strong> Avenida Balboa<\/li>\n<li><strong>Amoblado con estilo:<\/strong> Cocina completamente equipada con electrodom\u00e9sticos de alta gama (refrigerador inverter LG, lavavajillas Bosch) y entretenimiento de primera clase (televisor Samsung QLED 4K Ultra HD de 75\u201d con sonido Dolby Atmos, TV Sony Bravia de 42\u201d).<\/li>\n<li><strong>Rec\u00e1mara:<\/strong> 1 amplia y c\u00f3moda con vestidor<\/li>\n<li><strong>Ba\u00f1os:<\/strong> 1.5<\/li>\n<li><strong>Estacionamiento:<\/strong> 1 espacio<\/li>\n<li><strong>Amenidades Exclusivas:<\/strong> Piscina en la azotea con \u00e1rea de barbacoa, gimnasio, sauna, ping-pong y billar<\/li>\n<\/ul>\n<p>Este apartamento ofrece una combinaci\u00f3n perfecta de elegancia, comodidad y tecnolog\u00eda de \u00faltima generaci\u00f3n, como aires acondicionados inverter inteligentes LG con ionizador y ThinQ. Vive en el coraz\u00f3n de la ciudad con todo a tu alcance y disfruta de cada detalle en este hogar de lujo.<\/p>\n<p><strong>\u00a1Agenda tu visita hoy y no pierdas la oportunidad de vivir en uno de los lugares m\u00e1s exclusivos de Panam\u00e1!<\/strong><\/p>\n","protected":false},"featured_media":1139,"template":"","meta":{"site-sidebar-layout":"default","site-content-layout":"","ast-site-content-layout":"default","site-content-style":"default","site-sidebar-style":"default","ast-global-header-display":"","ast-banner-title-visibility":"","ast-main-header-display":"","ast-hfb-above-header-display":"","ast-hfb-below-header-display":"","ast-hfb-mobile-header-display":"","site-post-title":"","ast-breadcrumbs-content":"","ast-featured-img":"","footer-sml-layout":"","theme-transparent-header-meta":"default","adv-header-id-meta":"","stick-header-meta":"","header-above-stick-meta":"","header-main-stick-meta":"","header-below-stick-meta":"","astra-migrate-meta-layouts":"set","ast-page-background-enabled":"default","ast-page-background-meta":{"desktop":{"background-color":"var(--ast-global-color-4)","background-image":"","background-repeat":"repeat","background-position":"center center","background-size":"auto","background-attachment":"scroll","background-type":"","background-media":"","overlay-type":"","overlay-color":"","overlay-opacity":"","overlay-gradient":""},"tablet":{"background-color":"","background-image":"","background-repeat":"repeat","background-position":"center center","background-size":"auto","background-attachment":"scroll","background-type":"","background-media":"","overlay-type":"","overlay-color":"","overlay-opacity":"","overlay-gradient":""},"mobile":{"background-color":"","background-image":"","background-repeat":"repeat","background-position":"center center","background-size":"auto","background-attachment":"scroll","background-type":"","background-media":"","overlay-type":"","overlay-color":"","overlay-opacity":"","overlay-gradient":""}},"ast-content-background-meta":{"desktop":{"background-color":"var(--ast-global-color-5)","background-image":"","background-repeat":"repeat","background-position":"center center","background-size":"auto","background-attachment":"scroll","background-type":"","background-media":"","overlay-type":"","overlay-color":"","overlay-opacity":"","overlay-gradient":""},"tablet":{"background-color":"var(--ast-global-color-5)","background-image":"","background-repeat":"repeat","background-position":"center center","background-size":"auto","background-attachment":"scroll","background-type":"","background-media":"","overlay-type":"","overlay-color":"","overlay-opacity":"","overlay-gradient":""},"mobile":{"background-color":"var(--ast-global-color-5)","background-image":"","background-repeat":"repeat","background-position":"center center","background-size":"auto","background-attachment":"scroll","background-type":"","background-media":"","overlay-type":"","overlay-color":"","overlay-opacity":"","overlay-gradient":""}}},"product_brand":[],"product_cat":[25,28],"product_tag":[],"class_list":{"0":"post-1138","1":"product","2":"type-product","3":"status-publish","4":"has-post-thumbnail","6":"product_cat-alquiler","7":"product_cat-apartamentos","8":"desktop-align-center","9":"tablet-align-left","10":"mobile-align-left","12":"first","13":"instock","14":"sold-individually","15":"shipping-taxable","16":"purchasable","17":"product-type-simple"},"jetpack_sharing_enabled":true,"_links":{"self":[{"href":"https:\/\/bienesraicestamanaco.com\/index.php\/wp-json\/wp\/v2\/product\/1138","targetHints":{"allow":["GET"]}}],"collection":[{"href":"https:\/\/bienesraicestamanaco.com\/index.php\/wp-json\/wp\/v2\/product"}],"about":[{"href":"https:\/\/bienesraicestamanaco.com\/index.php\/wp-json\/wp\/v2\/types\/product"}],"wp:featuredmedia":[{"embeddable":true,"href":"https:\/\/bienesraicestamanaco.com\/index.php\/wp-json\/wp\/v2\/media\/1139"}],"wp:attachment":[{"href":"https:\/\/bienesraicestamanaco.com\/index.php\/wp-json\/wp\/v2\/media?parent=1138"}],"wp:term":[{"taxonomy":"product_brand","embeddable":true,"href":"https:\/\/bienesraicestamanaco.com\/index.php\/wp-json\/wp\/v2\/product_brand?post=1138"},{"taxonomy":"product_cat","embeddable":true,"href":"https:\/\/bienesraicestamanaco.com\/index.php\/wp-json\/wp\/v2\/product_cat?post=1138"},{"taxonomy":"product_tag","embeddable":true,"href":"https:\/\/bienesraicestamanaco.com\/index.php\/wp-json\/wp\/v2\/product_tag?post=1138"}],"curies":[{"name":"wp","href":"https:\/\/api.w.org\/{rel}","templated":true}]}}