{"id":1106,"date":"2024-08-22T02:07:23","date_gmt":"2024-08-22T00:07:23","guid":{"rendered":"https:\/\/bienesraicestamanaco.com\/?post_type=product&#038;p=1106"},"modified":"2024-09-10T16:47:34","modified_gmt":"2024-09-10T14:47:34","slug":"alquiler-de-apartamento-en-ph-el-mare-en-edison-park","status":"publish","type":"product","link":"https:\/\/bienesraicestamanaco.com\/index.php\/producto\/alquiler-de-apartamento-en-ph-el-mare-en-edison-park\/","title":{"rendered":"Alquiler de Apartamento en PH El Mare en Edison Park"},"content":{"rendered":"<p>Apartment for rent in PH El Mare in Edison Park<\/p>\n<p>Only with White Line<br \/>\n120 m\u00b2 of well-distributed space<br \/>\n3 bedrooms + maid&#8217;s room and bathroom (CBE)<br \/>\n2 modern bathrooms<br \/>\n2 comfortable and safe parking spaces<br \/>\nBalcony to enjoy the view<br \/>\nAmenities:<br \/>\nComplete Social Area for the enjoyment of the whole family<br \/>\nUnbeatable Location:<br \/>\nLocated in the heart of the city, in Edison Park, this apartment gives you quick access to the main roads, such as the Trans\u00edstmica and the Northern Corridor. In addition, you will be just 5 minutes from the El Dorado shopping center, and very close to Albrook Mall, Multiplaza and Corredor Sur.<\/p>\n<p>And the best! Close to important schools such as La Salle and Oxford.<\/p>\n<p>Don&#8217;t miss this unique opportunity to live in a privileged location. Contact us for more details and to schedule a visit!<\/p>\n","protected":false},"excerpt":{"rendered":"<p>Solo con Linea Blanca<br \/>\n120 m\u00b2 de espacio bien distribuido<br \/>\n3 rec\u00e1maras + cuarto y ba\u00f1o de empleada (CBE)<br \/>\n2 ba\u00f1os modernos<br \/>\n2 estacionamientos c\u00f3modos y seguros<br \/>\nBalc\u00f3n para disfrutar de la vista<br \/>\nAmenidades:<br \/>\n\u00c1rea Social completa para el disfrute de toda la familia<br \/>\nUbicaci\u00f3n Inmejorable:<br \/>\nSituado en el coraz\u00f3n de la ciudad, en Edison Park, este apartamento te brinda acceso r\u00e1pido a las principales v\u00edas, como la Trans\u00edstmica y el Corredor Norte. Adem\u00e1s, estar\u00e1s a solo 5 minutos del centro comercial El Dorado, y muy cerca de Albrook Mall, Multiplaza y Corredor Sur.<\/p>\n<p>\u00a1Y lo mejor! Cerca de importantes colegios como La Salle y Oxford.<\/p>\n<p>No dejes pasar esta oportunidad \u00fanica de vivir en una ubicaci\u00f3n privilegiada. \u00a1Cont\u00e1ctanos para m\u00e1s detalles y agendar una visita!<\/p>\n","protected":false},"featured_media":1111,"template":"","meta":{"site-sidebar-layout":"default","site-content-layout":"","ast-site-content-layout":"default","site-content-style":"default","site-sidebar-style":"default","ast-global-header-display":"","ast-banner-title-visibility":"","ast-main-header-display":"","ast-hfb-above-header-display":"","ast-hfb-below-header-display":"","ast-hfb-mobile-header-display":"","site-post-title":"","ast-breadcrumbs-content":"","ast-featured-img":"","footer-sml-layout":"","theme-transparent-header-meta":"default","adv-header-id-meta":"","stick-header-meta":"","header-above-stick-meta":"","header-main-stick-meta":"","header-below-stick-meta":"","astra-migrate-meta-layouts":"set","ast-page-background-enabled":"default","ast-page-background-meta":{"desktop":{"background-color":"var(--ast-global-color-4)","background-image":"","background-repeat":"repeat","background-position":"center center","background-size":"auto","background-attachment":"scroll","background-type":"","background-media":"","overlay-type":"","overlay-color":"","overlay-opacity":"","overlay-gradient":""},"tablet":{"background-color":"","background-image":"","background-repeat":"repeat","background-position":"center center","background-size":"auto","background-attachment":"scroll","background-type":"","background-media":"","overlay-type":"","overlay-color":"","overlay-opacity":"","overlay-gradient":""},"mobile":{"background-color":"","background-image":"","background-repeat":"repeat","background-position":"center center","background-size":"auto","background-attachment":"scroll","background-type":"","background-media":"","overlay-type":"","overlay-color":"","overlay-opacity":"","overlay-gradient":""}},"ast-content-background-meta":{"desktop":{"background-color":"var(--ast-global-color-5)","background-image":"","background-repeat":"repeat","background-position":"center center","background-size":"auto","background-attachment":"scroll","background-type":"","background-media":"","overlay-type":"","overlay-color":"","overlay-opacity":"","overlay-gradient":""},"tablet":{"background-color":"var(--ast-global-color-5)","background-image":"","background-repeat":"repeat","background-position":"center center","background-size":"auto","background-attachment":"scroll","background-type":"","background-media":"","overlay-type":"","overlay-color":"","overlay-opacity":"","overlay-gradient":""},"mobile":{"background-color":"var(--ast-global-color-5)","background-image":"","background-repeat":"repeat","background-position":"center center","background-size":"auto","background-attachment":"scroll","background-type":"","background-media":"","overlay-type":"","overlay-color":"","overlay-opacity":"","overlay-gradient":""}}},"product_brand":[],"product_cat":[25,28],"product_tag":[],"class_list":{"0":"post-1106","1":"product","2":"type-product","3":"status-publish","4":"has-post-thumbnail","6":"product_cat-alquiler","7":"product_cat-apartamentos","8":"desktop-align-center","9":"tablet-align-left","10":"mobile-align-left","12":"first","13":"instock","14":"sale","15":"sold-individually","16":"shipping-taxable","17":"purchasable","18":"product-type-simple"},"jetpack_sharing_enabled":true,"_links":{"self":[{"href":"https:\/\/bienesraicestamanaco.com\/index.php\/wp-json\/wp\/v2\/product\/1106","targetHints":{"allow":["GET"]}}],"collection":[{"href":"https:\/\/bienesraicestamanaco.com\/index.php\/wp-json\/wp\/v2\/product"}],"about":[{"href":"https:\/\/bienesraicestamanaco.com\/index.php\/wp-json\/wp\/v2\/types\/product"}],"wp:featuredmedia":[{"embeddable":true,"href":"https:\/\/bienesraicestamanaco.com\/index.php\/wp-json\/wp\/v2\/media\/1111"}],"wp:attachment":[{"href":"https:\/\/bienesraicestamanaco.com\/index.php\/wp-json\/wp\/v2\/media?parent=1106"}],"wp:term":[{"taxonomy":"product_brand","embeddable":true,"href":"https:\/\/bienesraicestamanaco.com\/index.php\/wp-json\/wp\/v2\/product_brand?post=1106"},{"taxonomy":"product_cat","embeddable":true,"href":"https:\/\/bienesraicestamanaco.com\/index.php\/wp-json\/wp\/v2\/product_cat?post=1106"},{"taxonomy":"product_tag","embeddable":true,"href":"https:\/\/bienesraicestamanaco.com\/index.php\/wp-json\/wp\/v2\/product_tag?post=1106"}],"curies":[{"name":"wp","href":"https:\/\/api.w.org\/{rel}","templated":true}]}}