{"id":1081,"date":"2024-08-22T01:22:18","date_gmt":"2024-08-21T23:22:18","guid":{"rendered":"https:\/\/bienesraicestamanaco.com\/?post_type=product&#038;p=1081"},"modified":"2024-08-22T01:22:19","modified_gmt":"2024-08-21T23:22:19","slug":"alquiler-de-apartamento-en-ph-sky-level-en-hato-pintado","status":"publish","type":"product","link":"https:\/\/bienesraicestamanaco.com\/index.php\/producto\/alquiler-de-apartamento-en-ph-sky-level-en-hato-pintado\/","title":{"rendered":"Alquiler de Apartamento en PH Sky Level en Hato Pintado"},"content":{"rendered":"","protected":false},"excerpt":{"rendered":"<p>\u00a1Amplio apartamento de 130m\u00b2 con espectacular vista a la monta\u00f1a! Este apartamento cuenta con 2 rec\u00e1maras, 2 ba\u00f1os, 1 estacionamiento, dep\u00f3sito, cocina remodelada, l\u00ednea blanca y balc\u00f3n con malla de seguridad.<\/p>\n<p>Piscina<br \/>\nGimnasio<br \/>\nParque infantil<br \/>\nSal\u00f3n de fiestas<\/p>\n<p>Seguridad 24 horas<br \/>\nPlanta el\u00e9ctrica<br \/>\nConserje<br \/>\nEstacionamiento de visitas y bajo techo<br \/>\nUbicado en la tranquila y c\u00e9ntrica zona de Hato Pintado, cerca de hospitales, farmacias, restaurantes y supermercados.<\/p>\n<p>Precio de alquiler: $1,200 (solo con l\u00ednea blanca)<br \/>\nPrecio de venta: $185,000<\/p>\n<p>Para m\u00e1s informaci\u00f3n o agendar una visita, cont\u00e1ctanos.<\/p>\n","protected":false},"featured_media":1085,"template":"","meta":{"site-sidebar-layout":"default","site-content-layout":"","ast-site-content-layout":"default","site-content-style":"default","site-sidebar-style":"default","ast-global-header-display":"","ast-banner-title-visibility":"","ast-main-header-display":"","ast-hfb-above-header-display":"","ast-hfb-below-header-display":"","ast-hfb-mobile-header-display":"","site-post-title":"","ast-breadcrumbs-content":"","ast-featured-img":"","footer-sml-layout":"","theme-transparent-header-meta":"default","adv-header-id-meta":"","stick-header-meta":"","header-above-stick-meta":"","header-main-stick-meta":"","header-below-stick-meta":"","astra-migrate-meta-layouts":"set","ast-page-background-enabled":"default","ast-page-background-meta":{"desktop":{"background-color":"var(--ast-global-color-4)","background-image":"","background-repeat":"repeat","background-position":"center center","background-size":"auto","background-attachment":"scroll","background-type":"","background-media":"","overlay-type":"","overlay-color":"","overlay-opacity":"","overlay-gradient":""},"tablet":{"background-color":"","background-image":"","background-repeat":"repeat","background-position":"center center","background-size":"auto","background-attachment":"scroll","background-type":"","background-media":"","overlay-type":"","overlay-color":"","overlay-opacity":"","overlay-gradient":""},"mobile":{"background-color":"","background-image":"","background-repeat":"repeat","background-position":"center center","background-size":"auto","background-attachment":"scroll","background-type":"","background-media":"","overlay-type":"","overlay-color":"","overlay-opacity":"","overlay-gradient":""}},"ast-content-background-meta":{"desktop":{"background-color":"var(--ast-global-color-5)","background-image":"","background-repeat":"repeat","background-position":"center center","background-size":"auto","background-attachment":"scroll","background-type":"","background-media":"","overlay-type":"","overlay-color":"","overlay-opacity":"","overlay-gradient":""},"tablet":{"background-color":"var(--ast-global-color-5)","background-image":"","background-repeat":"repeat","background-position":"center center","background-size":"auto","background-attachment":"scroll","background-type":"","background-media":"","overlay-type":"","overlay-color":"","overlay-opacity":"","overlay-gradient":""},"mobile":{"background-color":"var(--ast-global-color-5)","background-image":"","background-repeat":"repeat","background-position":"center center","background-size":"auto","background-attachment":"scroll","background-type":"","background-media":"","overlay-type":"","overlay-color":"","overlay-opacity":"","overlay-gradient":""}}},"product_brand":[],"product_cat":[25,28],"product_tag":[],"class_list":{"0":"post-1081","1":"product","2":"type-product","3":"status-publish","4":"has-post-thumbnail","6":"product_cat-alquiler","7":"product_cat-apartamentos","8":"desktop-align-center","9":"tablet-align-left","10":"mobile-align-left","12":"first","13":"instock","14":"sold-individually","15":"shipping-taxable","16":"purchasable","17":"product-type-simple"},"jetpack_sharing_enabled":true,"_links":{"self":[{"href":"https:\/\/bienesraicestamanaco.com\/index.php\/wp-json\/wp\/v2\/product\/1081","targetHints":{"allow":["GET"]}}],"collection":[{"href":"https:\/\/bienesraicestamanaco.com\/index.php\/wp-json\/wp\/v2\/product"}],"about":[{"href":"https:\/\/bienesraicestamanaco.com\/index.php\/wp-json\/wp\/v2\/types\/product"}],"wp:featuredmedia":[{"embeddable":true,"href":"https:\/\/bienesraicestamanaco.com\/index.php\/wp-json\/wp\/v2\/media\/1085"}],"wp:attachment":[{"href":"https:\/\/bienesraicestamanaco.com\/index.php\/wp-json\/wp\/v2\/media?parent=1081"}],"wp:term":[{"taxonomy":"product_brand","embeddable":true,"href":"https:\/\/bienesraicestamanaco.com\/index.php\/wp-json\/wp\/v2\/product_brand?post=1081"},{"taxonomy":"product_cat","embeddable":true,"href":"https:\/\/bienesraicestamanaco.com\/index.php\/wp-json\/wp\/v2\/product_cat?post=1081"},{"taxonomy":"product_tag","embeddable":true,"href":"https:\/\/bienesraicestamanaco.com\/index.php\/wp-json\/wp\/v2\/product_tag?post=1081"}],"curies":[{"name":"wp","href":"https:\/\/api.w.org\/{rel}","templated":true}]}}