{"id":152,"date":"2023-09-26T20:34:12","date_gmt":"2023-09-26T18:34:12","guid":{"rendered":"https:\/\/bienesraicestamanaco.com\/?page_id=152"},"modified":"2023-10-12T22:23:53","modified_gmt":"2023-10-12T20:23:53","slug":"sobre-mi","status":"publish","type":"page","link":"https:\/\/bienesraicestamanaco.com\/index.php\/sobre-mi\/","title":{"rendered":"Sobre M\u00ed"},"content":{"rendered":"\t\t<div data-elementor-type=\"wp-page\" data-elementor-id=\"152\" class=\"elementor elementor-152\">\n\t\t\t\t\t\t<section class=\"elementor-section elementor-top-section elementor-element elementor-element-7bf0323 elementor-section-boxed elementor-section-height-default elementor-section-height-default\" data-id=\"7bf0323\" data-element_type=\"section\" data-settings=\"{&quot;background_background&quot;:&quot;slideshow&quot;,&quot;background_slideshow_gallery&quot;:[{&quot;id&quot;:163,&quot;url&quot;:&quot;https:\\\/\\\/bienesraicestamanaco.com\\\/wp-content\\\/uploads\\\/2023\\\/09\\\/WhatsApp-Image-2023-09-24-at-5.38.32-PM-1.jpeg&quot;}],&quot;background_slideshow_loop&quot;:&quot;yes&quot;,&quot;background_slideshow_slide_duration&quot;:5000,&quot;background_slideshow_slide_transition&quot;:&quot;fade&quot;,&quot;background_slideshow_transition_duration&quot;:500}\">\n\t\t\t\t\t\t<div class=\"elementor-container elementor-column-gap-default\">\n\t\t\t\t\t<div class=\"elementor-column elementor-col-50 elementor-top-column elementor-element elementor-element-f2df215\" data-id=\"f2df215\" data-element_type=\"column\">\n\t\t\t<div class=\"elementor-widget-wrap elementor-element-populated\">\n\t\t\t\t\t\t<div class=\"elementor-element elementor-element-2d53faf elementor-widget elementor-widget-spacer\" data-id=\"2d53faf\" data-element_type=\"widget\" data-widget_type=\"spacer.default\">\n\t\t\t\t<div class=\"elementor-widget-container\">\n\t\t\t\t\t\t\t<div class=\"elementor-spacer\">\n\t\t\t<div class=\"elementor-spacer-inner\"><\/div>\n\t\t<\/div>\n\t\t\t\t\t\t<\/div>\n\t\t\t\t<\/div>\n\t\t\t\t<div class=\"elementor-element elementor-element-7e45c80 elementor-widget elementor-widget-text-editor\" data-id=\"7e45c80\" data-element_type=\"widget\" data-widget_type=\"text-editor.default\">\n\t\t\t\t<div class=\"elementor-widget-container\">\n\t\t\t\t\t\t\t\t\t<p><strong><b>Hola, Soy Tamanaco Lacruz, profesional destacado en el mundo de los bienes ra\u00edces en la Ciudad de Panam\u00e1 con Licencia de Corredor de Bienes Ra\u00edces PN-5517. Cuento con una trayectoria de m\u00e1s de 10 a\u00f1os en este campo, me he convertido en el corredor id\u00f3neo para quienes buscan experticia y conocimiento en el mercado inmobiliario paname\u00f1o.<\/b><\/strong><\/p>\n<p><b>Mi s\u00f3lida formaci\u00f3n en administraci\u00f3n, ventas y servicios durante m\u00e1s de 20 a\u00f1os me ha permitido abordar cada transacci\u00f3n con un enfoque estrat\u00e9gico y una perspectiva empresarial, lo que me ha &nbsp;permitido brindarle a mis clientes &nbsp;una comprensi\u00f3n profunda de sus necesidades y deseos, &nbsp;lo que se traduce en un servicio personalizado y resultados excepcionales.<\/b><\/p>\n<p><strong>Adem\u00e1s de conocer &nbsp;el mercado de bienes ra\u00edces en Panam\u00e1, me apasiona acompa\u00f1ar a mis clientes en el camino que conlleva comprar, vender o alquiler una propiedad, esto lo hago con dedicaci\u00f3n y profesionalismo,&nbsp; lo que me &nbsp;convierte en un aliado ideal para sus negociaciones.<\/strong><\/p>\n<p><strong> Cuento con certificaciones nacionales e internacionales en el \u00e1rea, enfoc\u00e1ndome siempre en la preparaci\u00f3n constante que me permite estar actualizado en el mercado.<br>Soy un fiel creyente de Dios, amo&nbsp;y respeto a mi familia, me gustan los deportes, la m\u00fasica&nbsp;y viajar.<\/strong><\/p>\t\t\t\t\t\t\t\t<\/div>\n\t\t\t\t<\/div>\n\t\t\t\t<div class=\"elementor-element elementor-element-e36bda3 elementor-widget elementor-widget-spacer\" data-id=\"e36bda3\" data-element_type=\"widget\" data-widget_type=\"spacer.default\">\n\t\t\t\t<div class=\"elementor-widget-container\">\n\t\t\t\t\t\t\t<div class=\"elementor-spacer\">\n\t\t\t<div class=\"elementor-spacer-inner\"><\/div>\n\t\t<\/div>\n\t\t\t\t\t\t<\/div>\n\t\t\t\t<\/div>\n\t\t\t\t\t<\/div>\n\t\t<\/div>\n\t\t\t\t<div class=\"elementor-column elementor-col-50 elementor-top-column elementor-element elementor-element-c893da9\" data-id=\"c893da9\" data-element_type=\"column\">\n\t\t\t<div class=\"elementor-widget-wrap\">\n\t\t\t\t\t\t\t<\/div>\n\t\t<\/div>\n\t\t\t\t\t<\/div>\n\t\t<\/section>\n\t\t\t\t<\/div>\n\t\t","protected":false},"excerpt":{"rendered":"<p>Hola, Soy Tamanaco Lacruz, profesional destacado en el mundo de los bienes ra\u00edces en la Ciudad de Panam\u00e1 con Licencia de Corredor de Bienes Ra\u00edces PN-5517. Cuento con una trayectoria de m\u00e1s de 10 a\u00f1os en este campo, me he convertido en el corredor id\u00f3neo para quienes buscan experticia y conocimiento en el mercado inmobiliario [&hellip;]<\/p>\n","protected":false},"author":1,"featured_media":0,"parent":0,"menu_order":0,"comment_status":"closed","ping_status":"closed","template":"elementor_header_footer","meta":{"site-sidebar-layout":"default","site-content-layout":"","ast-site-content-layout":"default","site-content-style":"default","site-sidebar-style":"default","ast-global-header-display":"","ast-banner-title-visibility":"","ast-main-header-display":"","ast-hfb-above-header-display":"","ast-hfb-below-header-display":"","ast-hfb-mobile-header-display":"","site-post-title":"","ast-breadcrumbs-content":"","ast-featured-img":"","footer-sml-layout":"","theme-transparent-header-meta":"","adv-header-id-meta":"","stick-header-meta":"","header-above-stick-meta":"","header-main-stick-meta":"","header-below-stick-meta":"","astra-migrate-meta-layouts":"default","ast-page-background-enabled":"default","ast-page-background-meta":{"desktop":{"background-color":"var(--ast-global-color-4)","background-image":"","background-repeat":"repeat","background-position":"center center","background-size":"auto","background-attachment":"scroll","background-type":"","background-media":"","overlay-type":"","overlay-color":"","overlay-opacity":"","overlay-gradient":""},"tablet":{"background-color":"","background-image":"","background-repeat":"repeat","background-position":"center center","background-size":"auto","background-attachment":"scroll","background-type":"","background-media":"","overlay-type":"","overlay-color":"","overlay-opacity":"","overlay-gradient":""},"mobile":{"background-color":"","background-image":"","background-repeat":"repeat","background-position":"center center","background-size":"auto","background-attachment":"scroll","background-type":"","background-media":"","overlay-type":"","overlay-color":"","overlay-opacity":"","overlay-gradient":""}},"ast-content-background-meta":{"desktop":{"background-color":"var(--ast-global-color-5)","background-image":"","background-repeat":"repeat","background-position":"center center","background-size":"auto","background-attachment":"scroll","background-type":"","background-media":"","overlay-type":"","overlay-color":"","overlay-opacity":"","overlay-gradient":""},"tablet":{"background-color":"var(--ast-global-color-5)","background-image":"","background-repeat":"repeat","background-position":"center center","background-size":"auto","background-attachment":"scroll","background-type":"","background-media":"","overlay-type":"","overlay-color":"","overlay-opacity":"","overlay-gradient":""},"mobile":{"background-color":"var(--ast-global-color-5)","background-image":"","background-repeat":"repeat","background-position":"center center","background-size":"auto","background-attachment":"scroll","background-type":"","background-media":"","overlay-type":"","overlay-color":"","overlay-opacity":"","overlay-gradient":""}},"footnotes":""},"class_list":["post-152","page","type-page","status-publish","hentry"],"jetpack_sharing_enabled":true,"_links":{"self":[{"href":"https:\/\/bienesraicestamanaco.com\/index.php\/wp-json\/wp\/v2\/pages\/152","targetHints":{"allow":["GET"]}}],"collection":[{"href":"https:\/\/bienesraicestamanaco.com\/index.php\/wp-json\/wp\/v2\/pages"}],"about":[{"href":"https:\/\/bienesraicestamanaco.com\/index.php\/wp-json\/wp\/v2\/types\/page"}],"author":[{"embeddable":true,"href":"https:\/\/bienesraicestamanaco.com\/index.php\/wp-json\/wp\/v2\/users\/1"}],"replies":[{"embeddable":true,"href":"https:\/\/bienesraicestamanaco.com\/index.php\/wp-json\/wp\/v2\/comments?post=152"}],"version-history":[{"count":40,"href":"https:\/\/bienesraicestamanaco.com\/index.php\/wp-json\/wp\/v2\/pages\/152\/revisions"}],"predecessor-version":[{"id":887,"href":"https:\/\/bienesraicestamanaco.com\/index.php\/wp-json\/wp\/v2\/pages\/152\/revisions\/887"}],"wp:attachment":[{"href":"https:\/\/bienesraicestamanaco.com\/index.php\/wp-json\/wp\/v2\/media?parent=152"}],"curies":[{"name":"wp","href":"https:\/\/api.w.org\/{rel}","templated":true}]}}